{"id":278,"date":"2018-06-07T14:26:16","date_gmt":"2018-06-07T12:26:16","guid":{"rendered":"http:\/\/tigges-stainless.com.devb\/?page_id=278"},"modified":"2018-06-12T11:54:18","modified_gmt":"2018-06-12T09:54:18","slug":"garnfaerbemaschinen-zubehoer","status":"publish","type":"page","link":"https:\/\/www.tigges-stainless.com\/de\/","title":{"rendered":"Garnf\u00e4rbemaschinen &#8211; Zubeh\u00f6r"},"content":{"rendered":"<div class=\"wpb-content-wrapper\">[vc_row][vc_column]<div class=\"vcex-spacing\" style=\"height:20px\"><\/div><h1 class=\"vcex-module vcex-heading vcex-heading-plain\"><span class=\"vcex-heading-inner clr\">Garnf\u00e4rbemaschinen - Zubeh\u00f6r<br \/><\/span><\/h1><div class=\"vcex-spacing\" style=\"height:20px\"><\/div>[vc_column_text]TIGGES ist weltweit der Spezialist f\u00fcr F\u00e4rbereimaschinen-Zubeh\u00f6r.<\/p>\n<p>Anerkannt f\u00fcr seinen hohen Qualit\u00e4tsstandard, f\u00fcr Zuverl\u00e4ssigkeit und Perfektion, die jederzeit im Einklang mit der Verfahrenstechnik der Hersteller von F\u00e4rbereianlagen steht.<\/p>\n<p>Das TIGGES-Markenzeichen ist das Synonym f\u00fcr Qualit\u00e4t, Langlebigkeit und hohe Wirtschaftlichkeit. Argumente auf die auch internationale t\u00e4tige Unternehmen nicht verzichten k\u00f6nnen, wenn sie sich erfolgreich auf den M\u00e4rkten der Welt behaupten wollen.[\/vc_column_text][\/vc_column][\/vc_row][vc_row][vc_column width=&#8221;1\/6&#8243;][vc_single_image image=&#8221;364&#8243;][vc_column_text font_size=&#8221;12px&#8221;]F\u00e4rbereisysteme[\/vc_column_text][\/vc_column][vc_column width=&#8221;1\/6&#8243;][vc_single_image image=&#8221;366&#8243;][vc_column_text font_size=&#8221;12px&#8221;]Rohrspindeln[\/vc_column_text][\/vc_column][vc_column width=&#8221;1\/6&#8243;][vc_single_image image=&#8221;368&#8243;][vc_column_text font_size=&#8221;12px&#8221;]Dreikantspindeln[\/vc_column_text][\/vc_column][vc_column width=&#8221;1\/6&#8243;][\/vc_column][vc_column width=&#8221;1\/6&#8243;][\/vc_column][\/vc_row][vc_row][vc_column width=&#8221;1\/6&#8243;][vc_single_image image=&#8221;370&#8243;][vc_column_text font_size=&#8221;12px&#8221;]Verschl\u00fcsse[\/vc_column_text][\/vc_column][vc_column width=&#8221;1\/6&#8243;][vc_single_image image=&#8221;372&#8243;][vc_column_text font_size=&#8221;12px&#8221;]Zwischenst\u00fccke[\/vc_column_text][\/vc_column][vc_column width=&#8221;1\/6&#8243;][vc_single_image image=&#8221;374&#8243;][vc_column_text font_size=&#8221;12px&#8221;]Kopf-und Fu\u00dfteller[\/vc_column_text][\/vc_column][vc_column width=&#8221;1\/6&#8243;][\/vc_column][\/vc_row]\n<\/div>","protected":false},"excerpt":{"rendered":"<p>[vc_row][vc_column][vc_column_text]TIGGES ist weltweit der Spezialist f\u00fcr F\u00e4rbereimaschinen-Zubeh\u00f6r. Anerkannt f\u00fcr seinen hohen Qualit\u00e4tsstandard, f\u00fcr Zuverl\u00e4ssigkeit und Perfektion, die jederzeit im Einklang mit der Verfahrenstechnik der Hersteller von F\u00e4rbereianlagen steht. Das TIGGES-Markenzeichen ist das Synonym f\u00fcr Qualit\u00e4t, Langlebigkeit und hohe Wirtschaftlichkeit. Argumente&hellip;<\/p>\n","protected":false},"author":1,"featured_media":0,"parent":0,"menu_order":0,"comment_status":"closed","ping_status":"closed","template":"templates\/no-sidebar.php","meta":{"footnotes":""},"class_list":["post-278","page","type-page","status-publish","hentry","entry","no-media"],"yoast_head":"<!-- This site is optimized with the Yoast SEO plugin v27.0 - https:\/\/yoast.com\/product\/yoast-seo-wordpress\/ -->\n<title>Garnf\u00e4rbemaschinen - Zubeh\u00f6r - Tigges Stainless<\/title>\n<meta name=\"robots\" content=\"index, follow, max-snippet:-1, max-image-preview:large, max-video-preview:-1\" \/>\n<link rel=\"canonical\" href=\"https:\/\/www.tigges-stainless.com\/de\/\" \/>\n<meta property=\"og:locale\" content=\"de_DE\" \/>\n<meta property=\"og:type\" content=\"article\" \/>\n<meta property=\"og:title\" content=\"Garnf\u00e4rbemaschinen - Zubeh\u00f6r - Tigges Stainless\" \/>\n<meta property=\"og:description\" content=\"[vc_row][vc_column][vc_column_text]TIGGES ist weltweit der Spezialist f\u00fcr F\u00e4rbereimaschinen-Zubeh\u00f6r. Anerkannt f\u00fcr seinen hohen Qualit\u00e4tsstandard, f\u00fcr Zuverl\u00e4ssigkeit und Perfektion, die jederzeit im Einklang mit der Verfahrenstechnik der Hersteller von F\u00e4rbereianlagen steht. Das TIGGES-Markenzeichen ist das Synonym f\u00fcr Qualit\u00e4t, Langlebigkeit und hohe Wirtschaftlichkeit. Argumente&hellip;\" \/>\n<meta property=\"og:url\" content=\"https:\/\/www.tigges-stainless.com\/de\/\" \/>\n<meta property=\"og:site_name\" content=\"Tigges Stainless\" \/>\n<meta property=\"article:modified_time\" content=\"2018-06-12T09:54:18+00:00\" \/>\n<meta name=\"twitter:card\" content=\"summary_large_image\" \/>\n<meta name=\"twitter:label1\" content=\"Gesch\u00e4tzte Lesezeit\" \/>\n\t<meta name=\"twitter:data1\" content=\"1\u00a0Minute\" \/>\n<script type=\"application\/ld+json\" class=\"yoast-schema-graph\">{\"@context\":\"https:\/\/schema.org\",\"@graph\":[{\"@type\":\"WebPage\",\"@id\":\"https:\/\/www.tigges-stainless.com\/de\/\",\"url\":\"https:\/\/www.tigges-stainless.com\/de\/\",\"name\":\"Garnf\u00e4rbemaschinen - Zubeh\u00f6r - Tigges Stainless\",\"isPartOf\":{\"@id\":\"https:\/\/www.tigges-stainless.com\/de\/#website\"},\"datePublished\":\"2018-06-07T12:26:16+00:00\",\"dateModified\":\"2018-06-12T09:54:18+00:00\",\"breadcrumb\":{\"@id\":\"https:\/\/www.tigges-stainless.com\/de\/#breadcrumb\"},\"inLanguage\":\"de\",\"potentialAction\":[{\"@type\":\"ReadAction\",\"target\":[\"https:\/\/www.tigges-stainless.com\/de\/\"]}]},{\"@type\":\"BreadcrumbList\",\"@id\":\"https:\/\/www.tigges-stainless.com\/de\/#breadcrumb\",\"itemListElement\":[{\"@type\":\"ListItem\",\"position\":1,\"name\":\"Startseite\",\"item\":\"https:\/\/www.tigges-stainless.com\/de\/\"},{\"@type\":\"ListItem\",\"position\":2,\"name\":\"Garnf\u00e4rbemaschinen &#8211; Zubeh\u00f6r\"}]},{\"@type\":\"WebSite\",\"@id\":\"https:\/\/www.tigges-stainless.com\/de\/#website\",\"url\":\"https:\/\/www.tigges-stainless.com\/de\/\",\"name\":\"Tigges Stainless\",\"description\":\"Die Regelsysteme aus Edelstahl\",\"publisher\":{\"@id\":\"https:\/\/www.tigges-stainless.com\/de\/#organization\"},\"potentialAction\":[{\"@type\":\"SearchAction\",\"target\":{\"@type\":\"EntryPoint\",\"urlTemplate\":\"https:\/\/www.tigges-stainless.com\/de\/?s={search_term_string}\"},\"query-input\":{\"@type\":\"PropertyValueSpecification\",\"valueRequired\":true,\"valueName\":\"search_term_string\"}}],\"inLanguage\":\"de\"},{\"@type\":\"Organization\",\"@id\":\"https:\/\/www.tigges-stainless.com\/de\/#organization\",\"name\":\"Tigges Stainless\",\"url\":\"https:\/\/www.tigges-stainless.com\/de\/\",\"logo\":{\"@type\":\"ImageObject\",\"inLanguage\":\"de\",\"@id\":\"https:\/\/www.tigges-stainless.com\/de\/#\/schema\/logo\/image\/\",\"url\":\"https:\/\/www.tigges-stainless.com\/wp-content\/uploads\/2019\/07\/tigges-logo-2.png\",\"contentUrl\":\"https:\/\/www.tigges-stainless.com\/wp-content\/uploads\/2019\/07\/tigges-logo-2.png\",\"width\":333,\"height\":101,\"caption\":\"Tigges Stainless\"},\"image\":{\"@id\":\"https:\/\/www.tigges-stainless.com\/de\/#\/schema\/logo\/image\/\"}}]}<\/script>\n<!-- \/ Yoast SEO plugin. -->","yoast_head_json":{"title":"Garnf\u00e4rbemaschinen - Zubeh\u00f6r - Tigges Stainless","robots":{"index":"index","follow":"follow","max-snippet":"max-snippet:-1","max-image-preview":"max-image-preview:large","max-video-preview":"max-video-preview:-1"},"canonical":"https:\/\/www.tigges-stainless.com\/de\/","og_locale":"de_DE","og_type":"article","og_title":"Garnf\u00e4rbemaschinen - Zubeh\u00f6r - Tigges Stainless","og_description":"[vc_row][vc_column][vc_column_text]TIGGES ist weltweit der Spezialist f\u00fcr F\u00e4rbereimaschinen-Zubeh\u00f6r. Anerkannt f\u00fcr seinen hohen Qualit\u00e4tsstandard, f\u00fcr Zuverl\u00e4ssigkeit und Perfektion, die jederzeit im Einklang mit der Verfahrenstechnik der Hersteller von F\u00e4rbereianlagen steht. Das TIGGES-Markenzeichen ist das Synonym f\u00fcr Qualit\u00e4t, Langlebigkeit und hohe Wirtschaftlichkeit. Argumente&hellip;","og_url":"https:\/\/www.tigges-stainless.com\/de\/","og_site_name":"Tigges Stainless","article_modified_time":"2018-06-12T09:54:18+00:00","twitter_card":"summary_large_image","twitter_misc":{"Gesch\u00e4tzte Lesezeit":"1\u00a0Minute"},"schema":{"@context":"https:\/\/schema.org","@graph":[{"@type":"WebPage","@id":"https:\/\/www.tigges-stainless.com\/de\/","url":"https:\/\/www.tigges-stainless.com\/de\/","name":"Garnf\u00e4rbemaschinen - Zubeh\u00f6r - Tigges Stainless","isPartOf":{"@id":"https:\/\/www.tigges-stainless.com\/de\/#website"},"datePublished":"2018-06-07T12:26:16+00:00","dateModified":"2018-06-12T09:54:18+00:00","breadcrumb":{"@id":"https:\/\/www.tigges-stainless.com\/de\/#breadcrumb"},"inLanguage":"de","potentialAction":[{"@type":"ReadAction","target":["https:\/\/www.tigges-stainless.com\/de\/"]}]},{"@type":"BreadcrumbList","@id":"https:\/\/www.tigges-stainless.com\/de\/#breadcrumb","itemListElement":[{"@type":"ListItem","position":1,"name":"Startseite","item":"https:\/\/www.tigges-stainless.com\/de\/"},{"@type":"ListItem","position":2,"name":"Garnf\u00e4rbemaschinen &#8211; Zubeh\u00f6r"}]},{"@type":"WebSite","@id":"https:\/\/www.tigges-stainless.com\/de\/#website","url":"https:\/\/www.tigges-stainless.com\/de\/","name":"Tigges Stainless","description":"Die Regelsysteme aus Edelstahl","publisher":{"@id":"https:\/\/www.tigges-stainless.com\/de\/#organization"},"potentialAction":[{"@type":"SearchAction","target":{"@type":"EntryPoint","urlTemplate":"https:\/\/www.tigges-stainless.com\/de\/?s={search_term_string}"},"query-input":{"@type":"PropertyValueSpecification","valueRequired":true,"valueName":"search_term_string"}}],"inLanguage":"de"},{"@type":"Organization","@id":"https:\/\/www.tigges-stainless.com\/de\/#organization","name":"Tigges Stainless","url":"https:\/\/www.tigges-stainless.com\/de\/","logo":{"@type":"ImageObject","inLanguage":"de","@id":"https:\/\/www.tigges-stainless.com\/de\/#\/schema\/logo\/image\/","url":"https:\/\/www.tigges-stainless.com\/wp-content\/uploads\/2019\/07\/tigges-logo-2.png","contentUrl":"https:\/\/www.tigges-stainless.com\/wp-content\/uploads\/2019\/07\/tigges-logo-2.png","width":333,"height":101,"caption":"Tigges Stainless"},"image":{"@id":"https:\/\/www.tigges-stainless.com\/de\/#\/schema\/logo\/image\/"}}]}},"_links":{"self":[{"href":"https:\/\/www.tigges-stainless.com\/de\/wp-json\/wp\/v2\/pages\/278","targetHints":{"allow":["GET"]}}],"collection":[{"href":"https:\/\/www.tigges-stainless.com\/de\/wp-json\/wp\/v2\/pages"}],"about":[{"href":"https:\/\/www.tigges-stainless.com\/de\/wp-json\/wp\/v2\/types\/page"}],"author":[{"embeddable":true,"href":"https:\/\/www.tigges-stainless.com\/de\/wp-json\/wp\/v2\/users\/1"}],"replies":[{"embeddable":true,"href":"https:\/\/www.tigges-stainless.com\/de\/wp-json\/wp\/v2\/comments?post=278"}],"version-history":[{"count":13,"href":"https:\/\/www.tigges-stainless.com\/de\/wp-json\/wp\/v2\/pages\/278\/revisions"}],"predecessor-version":[{"id":556,"href":"https:\/\/www.tigges-stainless.com\/de\/wp-json\/wp\/v2\/pages\/278\/revisions\/556"}],"wp:attachment":[{"href":"https:\/\/www.tigges-stainless.com\/de\/wp-json\/wp\/v2\/media?parent=278"}],"curies":[{"name":"wp","href":"https:\/\/api.w.org\/{rel}","templated":true}]}}