{"id":280,"date":"2018-06-07T14:26:51","date_gmt":"2018-06-07T12:26:51","guid":{"rendered":"http:\/\/tigges-stainless.com.devb\/?page_id=280"},"modified":"2018-06-07T17:38:39","modified_gmt":"2018-06-07T15:38:39","slug":"ueber-uns","status":"publish","type":"page","link":"https:\/\/www.tigges-stainless.com\/de\/ueber-uns\/","title":{"rendered":"\u00dcber uns"},"content":{"rendered":"<div class=\"wpb-content-wrapper\">[vc_row][vc_column]<div class=\"vcex-spacing\" style=\"height:20px\"><\/div><h1 class=\"vcex-module vcex-heading vcex-heading-plain\"><span class=\"vcex-heading-inner clr\">\u00dcber uns<\/span><\/h1><div class=\"vcex-spacing\" style=\"height:20px\"><\/div>[vc_column_text]\n<div class=\"csc-textpic csc-textpic-intext-right csc-textpic-border\">\n<div class=\"csc-textpic-text\">\n<p><img loading=\"lazy\" decoding=\"async\" class=\" wp-image-350 alignleft\" src=\"https:\/\/www.tigges-stainless.com\/wp-content\/uploads\/2018\/06\/Download-8.jpg\" alt=\"\" width=\"284\" height=\"172\" \/>Unser Familienbetrieb blickt zur\u00fcck auf \u00fcber 50 Jahre Erfahrung in der Bearbeitung von Edelstahlprodukten. Im Laufe dieser<\/p>\n<div class=\"csc-textpic-text\">\u00a0Zeit entwickelten wir viele Patente und Ideen, die international Aufsehen erregten und uns der Konkurenz immer eine Nasenl\u00e4nge voraus sein lie\u00dfen, zum Vorteil unserer Kunden.<\/div>\n<\/div>\n<p>Unser hoher Qualit\u00e4tsstandard ist allgemein anerkannt. Das TIGGES-Markenzeichen ist das Synonym f\u00fcr Qualit\u00e4t, Langlebigkeit und Perfektion.<\/p>\n<p>Modernste Fertigungstechnik versetzt uns in die Lage ma\u00dfgeschneiderte und bedarfsgerechte L\u00f6sungen f\u00fcr Ihre Anspr\u00fcche und Anforderungen zu entwickeln.<\/p>\n<\/div>\n[\/vc_column_text][\/vc_column][\/vc_row]\n<\/div>","protected":false},"excerpt":{"rendered":"<p>[vc_row][vc_column][vc_column_text] Unser Familienbetrieb blickt zur\u00fcck auf \u00fcber 50 Jahre Erfahrung in der Bearbeitung von Edelstahlprodukten. Im Laufe dieser \u00a0Zeit entwickelten wir viele Patente und Ideen, die international Aufsehen erregten und uns der Konkurenz immer eine Nasenl\u00e4nge voraus sein lie\u00dfen, zum&hellip;<\/p>\n","protected":false},"author":1,"featured_media":0,"parent":0,"menu_order":0,"comment_status":"closed","ping_status":"closed","template":"templates\/no-sidebar.php","meta":{"footnotes":""},"class_list":["post-280","page","type-page","status-publish","hentry","entry","no-media"],"yoast_head":"<!-- This site is optimized with the Yoast SEO plugin v27.0 - https:\/\/yoast.com\/product\/yoast-seo-wordpress\/ -->\n<title>\u00dcber uns - Tigges Stainless<\/title>\n<meta name=\"robots\" content=\"index, follow, max-snippet:-1, max-image-preview:large, max-video-preview:-1\" \/>\n<link rel=\"canonical\" href=\"https:\/\/www.tigges-stainless.com\/de\/ueber-uns\/\" \/>\n<meta property=\"og:locale\" content=\"de_DE\" \/>\n<meta property=\"og:type\" content=\"article\" \/>\n<meta property=\"og:title\" content=\"\u00dcber uns - Tigges Stainless\" \/>\n<meta property=\"og:description\" content=\"[vc_row][vc_column][vc_column_text] Unser Familienbetrieb blickt zur\u00fcck auf \u00fcber 50 Jahre Erfahrung in der Bearbeitung von Edelstahlprodukten. Im Laufe dieser \u00a0Zeit entwickelten wir viele Patente und Ideen, die international Aufsehen erregten und uns der Konkurenz immer eine Nasenl\u00e4nge voraus sein lie\u00dfen, zum&hellip;\" \/>\n<meta property=\"og:url\" content=\"https:\/\/www.tigges-stainless.com\/de\/ueber-uns\/\" \/>\n<meta property=\"og:site_name\" content=\"Tigges Stainless\" \/>\n<meta property=\"article:modified_time\" content=\"2018-06-07T15:38:39+00:00\" \/>\n<meta property=\"og:image\" content=\"https:\/\/www.tigges-stainless.com\/wp-content\/uploads\/2018\/06\/Download-8.jpg\" \/>\n<meta name=\"twitter:card\" content=\"summary_large_image\" \/>\n<meta name=\"twitter:label1\" content=\"Gesch\u00e4tzte Lesezeit\" \/>\n\t<meta name=\"twitter:data1\" content=\"1\u00a0Minute\" \/>\n<script type=\"application\/ld+json\" class=\"yoast-schema-graph\">{\"@context\":\"https:\/\/schema.org\",\"@graph\":[{\"@type\":\"WebPage\",\"@id\":\"https:\/\/www.tigges-stainless.com\/de\/ueber-uns\/\",\"url\":\"https:\/\/www.tigges-stainless.com\/de\/ueber-uns\/\",\"name\":\"\u00dcber uns - Tigges Stainless\",\"isPartOf\":{\"@id\":\"https:\/\/www.tigges-stainless.com\/de\/#website\"},\"primaryImageOfPage\":{\"@id\":\"https:\/\/www.tigges-stainless.com\/de\/ueber-uns\/#primaryimage\"},\"image\":{\"@id\":\"https:\/\/www.tigges-stainless.com\/de\/ueber-uns\/#primaryimage\"},\"thumbnailUrl\":\"https:\/\/www.tigges-stainless.com\/wp-content\/uploads\/2018\/06\/Download-8.jpg\",\"datePublished\":\"2018-06-07T12:26:51+00:00\",\"dateModified\":\"2018-06-07T15:38:39+00:00\",\"breadcrumb\":{\"@id\":\"https:\/\/www.tigges-stainless.com\/de\/ueber-uns\/#breadcrumb\"},\"inLanguage\":\"de\",\"potentialAction\":[{\"@type\":\"ReadAction\",\"target\":[\"https:\/\/www.tigges-stainless.com\/de\/ueber-uns\/\"]}]},{\"@type\":\"ImageObject\",\"inLanguage\":\"de\",\"@id\":\"https:\/\/www.tigges-stainless.com\/de\/ueber-uns\/#primaryimage\",\"url\":\"https:\/\/www.tigges-stainless.com\/wp-content\/uploads\/2018\/06\/Download-8.jpg\",\"contentUrl\":\"https:\/\/www.tigges-stainless.com\/wp-content\/uploads\/2018\/06\/Download-8.jpg\"},{\"@type\":\"BreadcrumbList\",\"@id\":\"https:\/\/www.tigges-stainless.com\/de\/ueber-uns\/#breadcrumb\",\"itemListElement\":[{\"@type\":\"ListItem\",\"position\":1,\"name\":\"Startseite\",\"item\":\"https:\/\/www.tigges-stainless.com\/de\/\"},{\"@type\":\"ListItem\",\"position\":2,\"name\":\"\u00dcber uns\"}]},{\"@type\":\"WebSite\",\"@id\":\"https:\/\/www.tigges-stainless.com\/de\/#website\",\"url\":\"https:\/\/www.tigges-stainless.com\/de\/\",\"name\":\"Tigges Stainless\",\"description\":\"Die Regelsysteme aus Edelstahl\",\"publisher\":{\"@id\":\"https:\/\/www.tigges-stainless.com\/de\/#organization\"},\"potentialAction\":[{\"@type\":\"SearchAction\",\"target\":{\"@type\":\"EntryPoint\",\"urlTemplate\":\"https:\/\/www.tigges-stainless.com\/de\/?s={search_term_string}\"},\"query-input\":{\"@type\":\"PropertyValueSpecification\",\"valueRequired\":true,\"valueName\":\"search_term_string\"}}],\"inLanguage\":\"de\"},{\"@type\":\"Organization\",\"@id\":\"https:\/\/www.tigges-stainless.com\/de\/#organization\",\"name\":\"Tigges Stainless\",\"url\":\"https:\/\/www.tigges-stainless.com\/de\/\",\"logo\":{\"@type\":\"ImageObject\",\"inLanguage\":\"de\",\"@id\":\"https:\/\/www.tigges-stainless.com\/de\/#\/schema\/logo\/image\/\",\"url\":\"https:\/\/www.tigges-stainless.com\/wp-content\/uploads\/2019\/07\/tigges-logo-2.png\",\"contentUrl\":\"https:\/\/www.tigges-stainless.com\/wp-content\/uploads\/2019\/07\/tigges-logo-2.png\",\"width\":333,\"height\":101,\"caption\":\"Tigges Stainless\"},\"image\":{\"@id\":\"https:\/\/www.tigges-stainless.com\/de\/#\/schema\/logo\/image\/\"}}]}<\/script>\n<!-- \/ Yoast SEO plugin. -->","yoast_head_json":{"title":"\u00dcber uns - Tigges Stainless","robots":{"index":"index","follow":"follow","max-snippet":"max-snippet:-1","max-image-preview":"max-image-preview:large","max-video-preview":"max-video-preview:-1"},"canonical":"https:\/\/www.tigges-stainless.com\/de\/ueber-uns\/","og_locale":"de_DE","og_type":"article","og_title":"\u00dcber uns - Tigges Stainless","og_description":"[vc_row][vc_column][vc_column_text] Unser Familienbetrieb blickt zur\u00fcck auf \u00fcber 50 Jahre Erfahrung in der Bearbeitung von Edelstahlprodukten. Im Laufe dieser \u00a0Zeit entwickelten wir viele Patente und Ideen, die international Aufsehen erregten und uns der Konkurenz immer eine Nasenl\u00e4nge voraus sein lie\u00dfen, zum&hellip;","og_url":"https:\/\/www.tigges-stainless.com\/de\/ueber-uns\/","og_site_name":"Tigges Stainless","article_modified_time":"2018-06-07T15:38:39+00:00","og_image":[{"url":"https:\/\/www.tigges-stainless.com\/wp-content\/uploads\/2018\/06\/Download-8.jpg","type":"","width":"","height":""}],"twitter_card":"summary_large_image","twitter_misc":{"Gesch\u00e4tzte Lesezeit":"1\u00a0Minute"},"schema":{"@context":"https:\/\/schema.org","@graph":[{"@type":"WebPage","@id":"https:\/\/www.tigges-stainless.com\/de\/ueber-uns\/","url":"https:\/\/www.tigges-stainless.com\/de\/ueber-uns\/","name":"\u00dcber uns - Tigges Stainless","isPartOf":{"@id":"https:\/\/www.tigges-stainless.com\/de\/#website"},"primaryImageOfPage":{"@id":"https:\/\/www.tigges-stainless.com\/de\/ueber-uns\/#primaryimage"},"image":{"@id":"https:\/\/www.tigges-stainless.com\/de\/ueber-uns\/#primaryimage"},"thumbnailUrl":"https:\/\/www.tigges-stainless.com\/wp-content\/uploads\/2018\/06\/Download-8.jpg","datePublished":"2018-06-07T12:26:51+00:00","dateModified":"2018-06-07T15:38:39+00:00","breadcrumb":{"@id":"https:\/\/www.tigges-stainless.com\/de\/ueber-uns\/#breadcrumb"},"inLanguage":"de","potentialAction":[{"@type":"ReadAction","target":["https:\/\/www.tigges-stainless.com\/de\/ueber-uns\/"]}]},{"@type":"ImageObject","inLanguage":"de","@id":"https:\/\/www.tigges-stainless.com\/de\/ueber-uns\/#primaryimage","url":"https:\/\/www.tigges-stainless.com\/wp-content\/uploads\/2018\/06\/Download-8.jpg","contentUrl":"https:\/\/www.tigges-stainless.com\/wp-content\/uploads\/2018\/06\/Download-8.jpg"},{"@type":"BreadcrumbList","@id":"https:\/\/www.tigges-stainless.com\/de\/ueber-uns\/#breadcrumb","itemListElement":[{"@type":"ListItem","position":1,"name":"Startseite","item":"https:\/\/www.tigges-stainless.com\/de\/"},{"@type":"ListItem","position":2,"name":"\u00dcber uns"}]},{"@type":"WebSite","@id":"https:\/\/www.tigges-stainless.com\/de\/#website","url":"https:\/\/www.tigges-stainless.com\/de\/","name":"Tigges Stainless","description":"Die Regelsysteme aus Edelstahl","publisher":{"@id":"https:\/\/www.tigges-stainless.com\/de\/#organization"},"potentialAction":[{"@type":"SearchAction","target":{"@type":"EntryPoint","urlTemplate":"https:\/\/www.tigges-stainless.com\/de\/?s={search_term_string}"},"query-input":{"@type":"PropertyValueSpecification","valueRequired":true,"valueName":"search_term_string"}}],"inLanguage":"de"},{"@type":"Organization","@id":"https:\/\/www.tigges-stainless.com\/de\/#organization","name":"Tigges Stainless","url":"https:\/\/www.tigges-stainless.com\/de\/","logo":{"@type":"ImageObject","inLanguage":"de","@id":"https:\/\/www.tigges-stainless.com\/de\/#\/schema\/logo\/image\/","url":"https:\/\/www.tigges-stainless.com\/wp-content\/uploads\/2019\/07\/tigges-logo-2.png","contentUrl":"https:\/\/www.tigges-stainless.com\/wp-content\/uploads\/2019\/07\/tigges-logo-2.png","width":333,"height":101,"caption":"Tigges Stainless"},"image":{"@id":"https:\/\/www.tigges-stainless.com\/de\/#\/schema\/logo\/image\/"}}]}},"_links":{"self":[{"href":"https:\/\/www.tigges-stainless.com\/de\/wp-json\/wp\/v2\/pages\/280","targetHints":{"allow":["GET"]}}],"collection":[{"href":"https:\/\/www.tigges-stainless.com\/de\/wp-json\/wp\/v2\/pages"}],"about":[{"href":"https:\/\/www.tigges-stainless.com\/de\/wp-json\/wp\/v2\/types\/page"}],"author":[{"embeddable":true,"href":"https:\/\/www.tigges-stainless.com\/de\/wp-json\/wp\/v2\/users\/1"}],"replies":[{"embeddable":true,"href":"https:\/\/www.tigges-stainless.com\/de\/wp-json\/wp\/v2\/comments?post=280"}],"version-history":[{"count":13,"href":"https:\/\/www.tigges-stainless.com\/de\/wp-json\/wp\/v2\/pages\/280\/revisions"}],"predecessor-version":[{"id":384,"href":"https:\/\/www.tigges-stainless.com\/de\/wp-json\/wp\/v2\/pages\/280\/revisions\/384"}],"wp:attachment":[{"href":"https:\/\/www.tigges-stainless.com\/de\/wp-json\/wp\/v2\/media?parent=280"}],"curies":[{"name":"wp","href":"https:\/\/api.w.org\/{rel}","templated":true}]}}