{"id":89,"date":"2015-07-31T02:14:08","date_gmt":"2015-07-31T02:14:08","guid":{"rendered":"http:\/\/totaltheme.wpengine.com\/dentistry\/?page_id=4"},"modified":"2020-12-23T10:22:04","modified_gmt":"2020-12-23T09:22:04","slug":"edelstahlverarbeitung","status":"publish","type":"page","link":"https:\/\/www.tigges-stainless.com\/de\/edelstahlverarbeitung\/","title":{"rendered":"Edelstahlverarbeitung"},"content":{"rendered":"<div class=\"wpb-content-wrapper\">[vc_row][vc_column]<div class=\"vcex-spacing\" style=\"height:10px\"><\/div>[\/vc_column][\/vc_row][vc_row center_row=&#8221;&#8221;][vc_column width=&#8221;1\/2&#8243;]<h1 class=\"vcex-module vcex-heading vcex-heading-plain vc_custom_1528365839069\" style=\"font-size:24px;\"><span class=\"vcex-heading-inner clr\">Edelstahlverarbeitung<\/span><\/h1>[vc_column_text]Zuverl\u00e4ssigkeit und Perfektion, zusammen mit modernster Fertigungstechnik versetzen uns in die Lage ma\u00dfgeschneiderte und bedarfsgerechte L\u00f6sungen f\u00fcr Ihre Anspr\u00fcche und Anforderungen zu entwickeln.<\/p>\n<p>Erstklassige Verarbeitung durch modernste CNC-Technik: Schneiden, S\u00e4gen, CNC-Stanzen, Pr\u00e4gen, CNC-Fr\u00e4sen, Dr\u00fccken, Ziehen, CNC-Nibbeln, CNC-Abkanten, Perforieren, CNC-Drehen, Bohren, Schutzgasschwei\u00dfen, Punkt- und Bolzenschwei\u00dfen, Beizen, Elektropolieren, Gleitschleifen alles in einer Hand.<\/p>\n<p>Unsere hochqualifizierten Mitarbeiter meistern t\u00e4glich diese Aufgabenstellungen, auch komplizierte Auftr\u00e4ge, auf qualitativ h\u00f6chstem Niveau.[\/vc_column_text][\/vc_column][vc_column width=&#8221;1\/2&#8243;][vc_single_image image=&#8221;396&#8243;][\/vc_column][\/vc_row][vc_row][vc_column][vc_empty_space height=&#8221;20&#8243;][vc_column_text]\n<h3>Edelstahlverarbeitung mit modernster Technik f\u00fcr hohe Anforderungen<\/h3>\n<p>Edelstahl ist eines der wichtigsten Materialien der Welt. Es begegnet Ihnen im Alltag in vielen Bereichen und ist Basis f\u00fcr den Einsatz bei Maschinen, Maschinen-Zubeh\u00f6r, Landwirtschaft, Hotel, Gastronomie, Nautik, Seefahrt, Werkzeuge, Hygiene, Medizin, Nahrungsmittel, Lebensmittellagerung, Lager, Reinr\u00e4ume, Labor, Elektronik, Indoor und Outdoor. Je nach Anwendungsbereich unterliegt das Material verschiedenen Verarbeitungsformen und wird durch unterschiedliche Bearbeitung auf den Einsatz vorbereitet. Edelstahl ist ein besonders hochwertiges Material, das nicht rostet und langlebig ist.<\/p>\n<h3>Wir sind Ihr Profi f\u00fcr die Edelstahlverarbeitung<\/h3>\n<p>Tigges-Edelstahltechnik hat sich auf die Edelstahlverarbeitung spezialisiert. Mit Tradition, h\u00f6chsten Qualit\u00e4tsanspr\u00fcchen und moderner Technik widmen wir uns jeden Tag aufs Neue der Edelstahlverarbeitung nach den Vorgaben unserer Kunden. Unsere Spezialit\u00e4t ist es, verschiedene bedarfsgerechte und ma\u00dfgeschneiderte L\u00f6sungen f\u00fcr unsere Kunden zu entwickeln und umzusetzen. Nat\u00fcrlich ist hier der Bedarf unserer Kunden entscheidend, um Ihnen die bestm\u00f6gliche L\u00f6sung f\u00fcr die Blechbearbeitung einzur\u00e4umen. F\u00fcr eine pr\u00e4zise und qualitativ hochwertige Verarbeitung bieten wir verschiedene Verarbeitungstechniken an. Basis vieler Verarbeitungsformen ist die CNC Technik, die eine saubere Bearbeitung von Anfang an zul\u00e4sst.<\/p>\n<h3>Alles aus einer Hand<\/h3>\n<p>Unabh\u00e4ngig davon, welche Form der Edelstahlverarbeitung f\u00fcr Sie interessant ist, k\u00f6nnen Sie auf unsere Erfahrung und unser Fachwissen bauen. F\u00fcr die hochwertige Edelstahlbearbeitung greifen wir auf folgende Techniken zur\u00fcck:<\/p>\n<ul>\n<li>WIG Schwei\u00dfen<\/li>\n<li>CNC Drehen<\/li>\n<li>CNC Abkanten<\/li>\n<li>CNC Stanzen und Nibbeln<\/li>\n<li>Drehen, Bohren<\/li>\n<li>Pr\u00e4gen, Dr\u00fccken, Ziehen, Perforieren<\/li>\n<li>Elektropolieren<\/li>\n<\/ul>\n<h3>Schwei\u00dfkonstruktionen jeder Art<\/h3>\n<p>Jede Verarbeitungsweise stimmen wir auf die von Ihnen eingesetzten Edelstahlarten ab. Unsere Mitarbeiter sind durch entsprechende Weiterbildungen und Schulungen bestens auf den Einsatz dieser Verfahren vorbereitet. Bei Tigges-Edelstahltechnik k\u00f6nnen Sie sich stets auf den Einsatz moderner Maschinen verlassen. Schwei\u00dfen in professioneller Qualit\u00e4t Durch unsere langj\u00e4hrige Erfahrung und unserer qualifizierten Fachkr\u00e4fte sorgen wir f\u00fcr pr\u00e4zise und qualitativ hochwertige Schwei\u00dfkonstruktionen im Bereich des WIG Schwei\u00dfen. 50 Jahre Erfahrung sprechen f\u00fcr sich Die Tigges-Edelstahltechnik GmbH &amp; Co KG setzt sich seit \u00fcber 50 Jahren mit der Entwicklung und Herstellung von Edelstahlprodukten auseinander. In den mehr als f\u00fcnf Jahrzehnten haben wir umfangreiche Erfahrungen sammeln k\u00f6nnen und sind gemeinsam mit allen Projekten unserer Kunden gewachsen. Heute ist es f\u00fcr uns eine Selbstverst\u00e4ndlichkeit, Ihnen bedarfsgerechte L\u00f6sungen zu bieten, die zu 100 Prozent zu Ihrem Unternehmen passen. F\u00fcr uns ist die Perfektion im Detail eine Selbstverst\u00e4ndlichkeit und so setzen wir diese konsequent bei Ihren Projekten um.<\/p>\n<h2><strong>Perfektion im Detail<\/strong><\/h2>\n<p>Bei der Edelstahlverarbeitung gilt es, eine Vielzahl von Details zu ber\u00fccksichtigen, um f\u00fcr Sie das perfekte Ergebnis zu realisieren. Um dies zu erm\u00f6glichen, arbeiten wir mit unseren Kunden von Anfang an eng zusammen. Durch die individuelle Abstimmung gelingt es uns gemeinsam, eventuelle \u00c4nderungen und Anpassungen schon fr\u00fch vorzunehmen. Verlassen Sie sich bei der Edelstahlverarbeitung zudem auf die jahrelange Erfahrung, die unser Team hat. So stehen wir Ihnen st\u00e4ndig beratend zur Seite. Mit unserem Know-how und dem Wissen, das wir in der Edelstahlverarbeitung haben, sind wir international als kompetenter Ansprechpartner fest etabliert.<\/p>\n[\/vc_column_text][\/vc_column][\/vc_row]\n<\/div>","protected":false},"excerpt":{"rendered":"<p>[vc_row][vc_column][\/vc_column][\/vc_row][vc_row center_row=&#8221;&#8221;][vc_column width=&#8221;1\/2&#8243;][vc_column_text]Zuverl\u00e4ssigkeit und Perfektion, zusammen mit modernster Fertigungstechnik versetzen uns in die Lage ma\u00dfgeschneiderte und bedarfsgerechte L\u00f6sungen f\u00fcr Ihre Anspr\u00fcche und Anforderungen zu entwickeln. Erstklassige Verarbeitung durch modernste CNC-Technik: Schneiden, S\u00e4gen, CNC-Stanzen, Pr\u00e4gen, CNC-Fr\u00e4sen, Dr\u00fccken, Ziehen, CNC-Nibbeln, CNC-Abkanten, Perforieren,&hellip;<\/p>\n","protected":false},"author":1,"featured_media":0,"parent":0,"menu_order":0,"comment_status":"closed","ping_status":"closed","template":"templates\/no-sidebar.php","meta":{"footnotes":""},"class_list":["post-89","page","type-page","status-publish","hentry","entry","no-media"],"yoast_head":"<!-- This site is optimized with the Yoast SEO plugin v27.0 - https:\/\/yoast.com\/product\/yoast-seo-wordpress\/ -->\n<title>Edelstahlverarbeitung - Tigges Stainless<\/title>\n<meta name=\"robots\" content=\"index, follow, max-snippet:-1, max-image-preview:large, max-video-preview:-1\" \/>\n<link rel=\"canonical\" href=\"https:\/\/www.tigges-stainless.com\/de\/edelstahlverarbeitung\/\" \/>\n<meta property=\"og:locale\" content=\"de_DE\" \/>\n<meta property=\"og:type\" content=\"article\" \/>\n<meta property=\"og:title\" content=\"Edelstahlverarbeitung - Tigges Stainless\" \/>\n<meta property=\"og:description\" content=\"[vc_row][vc_column][\/vc_column][\/vc_row][vc_row center_row=&#8221;&#8221;][vc_column width=&#8221;1\/2&#8243;][vc_column_text]Zuverl\u00e4ssigkeit und Perfektion, zusammen mit modernster Fertigungstechnik versetzen uns in die Lage ma\u00dfgeschneiderte und bedarfsgerechte L\u00f6sungen f\u00fcr Ihre Anspr\u00fcche und Anforderungen zu entwickeln. Erstklassige Verarbeitung durch modernste CNC-Technik: Schneiden, S\u00e4gen, CNC-Stanzen, Pr\u00e4gen, CNC-Fr\u00e4sen, Dr\u00fccken, Ziehen, CNC-Nibbeln, CNC-Abkanten, Perforieren,&hellip;\" \/>\n<meta property=\"og:url\" content=\"https:\/\/www.tigges-stainless.com\/de\/edelstahlverarbeitung\/\" \/>\n<meta property=\"og:site_name\" content=\"Tigges Stainless\" \/>\n<meta property=\"article:modified_time\" content=\"2020-12-23T09:22:04+00:00\" \/>\n<meta name=\"twitter:card\" content=\"summary_large_image\" \/>\n<meta name=\"twitter:label1\" content=\"Gesch\u00e4tzte Lesezeit\" \/>\n\t<meta name=\"twitter:data1\" content=\"3\u00a0Minuten\" \/>\n<script type=\"application\/ld+json\" class=\"yoast-schema-graph\">{\"@context\":\"https:\/\/schema.org\",\"@graph\":[{\"@type\":\"WebPage\",\"@id\":\"https:\/\/www.tigges-stainless.com\/de\/edelstahlverarbeitung\/\",\"url\":\"https:\/\/www.tigges-stainless.com\/de\/edelstahlverarbeitung\/\",\"name\":\"Edelstahlverarbeitung - Tigges Stainless\",\"isPartOf\":{\"@id\":\"https:\/\/www.tigges-stainless.com\/de\/#website\"},\"datePublished\":\"2015-07-31T02:14:08+00:00\",\"dateModified\":\"2020-12-23T09:22:04+00:00\",\"breadcrumb\":{\"@id\":\"https:\/\/www.tigges-stainless.com\/de\/edelstahlverarbeitung\/#breadcrumb\"},\"inLanguage\":\"de\",\"potentialAction\":[{\"@type\":\"ReadAction\",\"target\":[\"https:\/\/www.tigges-stainless.com\/de\/edelstahlverarbeitung\/\"]}]},{\"@type\":\"BreadcrumbList\",\"@id\":\"https:\/\/www.tigges-stainless.com\/de\/edelstahlverarbeitung\/#breadcrumb\",\"itemListElement\":[{\"@type\":\"ListItem\",\"position\":1,\"name\":\"Startseite\",\"item\":\"https:\/\/www.tigges-stainless.com\/de\/\"},{\"@type\":\"ListItem\",\"position\":2,\"name\":\"Edelstahlverarbeitung\"}]},{\"@type\":\"WebSite\",\"@id\":\"https:\/\/www.tigges-stainless.com\/de\/#website\",\"url\":\"https:\/\/www.tigges-stainless.com\/de\/\",\"name\":\"Tigges Stainless\",\"description\":\"Die Regelsysteme aus Edelstahl\",\"publisher\":{\"@id\":\"https:\/\/www.tigges-stainless.com\/de\/#organization\"},\"potentialAction\":[{\"@type\":\"SearchAction\",\"target\":{\"@type\":\"EntryPoint\",\"urlTemplate\":\"https:\/\/www.tigges-stainless.com\/de\/?s={search_term_string}\"},\"query-input\":{\"@type\":\"PropertyValueSpecification\",\"valueRequired\":true,\"valueName\":\"search_term_string\"}}],\"inLanguage\":\"de\"},{\"@type\":\"Organization\",\"@id\":\"https:\/\/www.tigges-stainless.com\/de\/#organization\",\"name\":\"Tigges Stainless\",\"url\":\"https:\/\/www.tigges-stainless.com\/de\/\",\"logo\":{\"@type\":\"ImageObject\",\"inLanguage\":\"de\",\"@id\":\"https:\/\/www.tigges-stainless.com\/de\/#\/schema\/logo\/image\/\",\"url\":\"https:\/\/www.tigges-stainless.com\/wp-content\/uploads\/2019\/07\/tigges-logo-2.png\",\"contentUrl\":\"https:\/\/www.tigges-stainless.com\/wp-content\/uploads\/2019\/07\/tigges-logo-2.png\",\"width\":333,\"height\":101,\"caption\":\"Tigges Stainless\"},\"image\":{\"@id\":\"https:\/\/www.tigges-stainless.com\/de\/#\/schema\/logo\/image\/\"}}]}<\/script>\n<!-- \/ Yoast SEO plugin. -->","yoast_head_json":{"title":"Edelstahlverarbeitung - Tigges Stainless","robots":{"index":"index","follow":"follow","max-snippet":"max-snippet:-1","max-image-preview":"max-image-preview:large","max-video-preview":"max-video-preview:-1"},"canonical":"https:\/\/www.tigges-stainless.com\/de\/edelstahlverarbeitung\/","og_locale":"de_DE","og_type":"article","og_title":"Edelstahlverarbeitung - Tigges Stainless","og_description":"[vc_row][vc_column][\/vc_column][\/vc_row][vc_row center_row=&#8221;&#8221;][vc_column width=&#8221;1\/2&#8243;][vc_column_text]Zuverl\u00e4ssigkeit und Perfektion, zusammen mit modernster Fertigungstechnik versetzen uns in die Lage ma\u00dfgeschneiderte und bedarfsgerechte L\u00f6sungen f\u00fcr Ihre Anspr\u00fcche und Anforderungen zu entwickeln. Erstklassige Verarbeitung durch modernste CNC-Technik: Schneiden, S\u00e4gen, CNC-Stanzen, Pr\u00e4gen, CNC-Fr\u00e4sen, Dr\u00fccken, Ziehen, CNC-Nibbeln, CNC-Abkanten, Perforieren,&hellip;","og_url":"https:\/\/www.tigges-stainless.com\/de\/edelstahlverarbeitung\/","og_site_name":"Tigges Stainless","article_modified_time":"2020-12-23T09:22:04+00:00","twitter_card":"summary_large_image","twitter_misc":{"Gesch\u00e4tzte Lesezeit":"3\u00a0Minuten"},"schema":{"@context":"https:\/\/schema.org","@graph":[{"@type":"WebPage","@id":"https:\/\/www.tigges-stainless.com\/de\/edelstahlverarbeitung\/","url":"https:\/\/www.tigges-stainless.com\/de\/edelstahlverarbeitung\/","name":"Edelstahlverarbeitung - Tigges Stainless","isPartOf":{"@id":"https:\/\/www.tigges-stainless.com\/de\/#website"},"datePublished":"2015-07-31T02:14:08+00:00","dateModified":"2020-12-23T09:22:04+00:00","breadcrumb":{"@id":"https:\/\/www.tigges-stainless.com\/de\/edelstahlverarbeitung\/#breadcrumb"},"inLanguage":"de","potentialAction":[{"@type":"ReadAction","target":["https:\/\/www.tigges-stainless.com\/de\/edelstahlverarbeitung\/"]}]},{"@type":"BreadcrumbList","@id":"https:\/\/www.tigges-stainless.com\/de\/edelstahlverarbeitung\/#breadcrumb","itemListElement":[{"@type":"ListItem","position":1,"name":"Startseite","item":"https:\/\/www.tigges-stainless.com\/de\/"},{"@type":"ListItem","position":2,"name":"Edelstahlverarbeitung"}]},{"@type":"WebSite","@id":"https:\/\/www.tigges-stainless.com\/de\/#website","url":"https:\/\/www.tigges-stainless.com\/de\/","name":"Tigges Stainless","description":"Die Regelsysteme aus Edelstahl","publisher":{"@id":"https:\/\/www.tigges-stainless.com\/de\/#organization"},"potentialAction":[{"@type":"SearchAction","target":{"@type":"EntryPoint","urlTemplate":"https:\/\/www.tigges-stainless.com\/de\/?s={search_term_string}"},"query-input":{"@type":"PropertyValueSpecification","valueRequired":true,"valueName":"search_term_string"}}],"inLanguage":"de"},{"@type":"Organization","@id":"https:\/\/www.tigges-stainless.com\/de\/#organization","name":"Tigges Stainless","url":"https:\/\/www.tigges-stainless.com\/de\/","logo":{"@type":"ImageObject","inLanguage":"de","@id":"https:\/\/www.tigges-stainless.com\/de\/#\/schema\/logo\/image\/","url":"https:\/\/www.tigges-stainless.com\/wp-content\/uploads\/2019\/07\/tigges-logo-2.png","contentUrl":"https:\/\/www.tigges-stainless.com\/wp-content\/uploads\/2019\/07\/tigges-logo-2.png","width":333,"height":101,"caption":"Tigges Stainless"},"image":{"@id":"https:\/\/www.tigges-stainless.com\/de\/#\/schema\/logo\/image\/"}}]}},"_links":{"self":[{"href":"https:\/\/www.tigges-stainless.com\/de\/wp-json\/wp\/v2\/pages\/89","targetHints":{"allow":["GET"]}}],"collection":[{"href":"https:\/\/www.tigges-stainless.com\/de\/wp-json\/wp\/v2\/pages"}],"about":[{"href":"https:\/\/www.tigges-stainless.com\/de\/wp-json\/wp\/v2\/types\/page"}],"author":[{"embeddable":true,"href":"https:\/\/www.tigges-stainless.com\/de\/wp-json\/wp\/v2\/users\/1"}],"replies":[{"embeddable":true,"href":"https:\/\/www.tigges-stainless.com\/de\/wp-json\/wp\/v2\/comments?post=89"}],"version-history":[{"count":30,"href":"https:\/\/www.tigges-stainless.com\/de\/wp-json\/wp\/v2\/pages\/89\/revisions"}],"predecessor-version":[{"id":862,"href":"https:\/\/www.tigges-stainless.com\/de\/wp-json\/wp\/v2\/pages\/89\/revisions\/862"}],"wp:attachment":[{"href":"https:\/\/www.tigges-stainless.com\/de\/wp-json\/wp\/v2\/media?parent=89"}],"curies":[{"name":"wp","href":"https:\/\/api.w.org\/{rel}","templated":true}]}}