{"id":408,"date":"2018-06-07T14:26:16","date_gmt":"2018-06-07T12:26:16","guid":{"rendered":"http:\/\/tigges-stainless.com.devb\/?page_id=408"},"modified":"2020-01-10T10:57:06","modified_gmt":"2020-01-10T09:57:06","slug":"garnfaerbemaschinen-zubehoer","status":"publish","type":"page","link":"https:\/\/www.tigges-stainless.com\/en\/","title":{"rendered":"Dyeing Machine Accessories"},"content":{"rendered":"<div class=\"wpb-content-wrapper\">[vc_row][vc_column]<div class=\"vcex-spacing\" style=\"height:20px\"><\/div><h1 class=\"vcex-module vcex-heading vcex-heading-plain\"><span class=\"vcex-heading-inner clr\">Dyeing Machine Accessories<\/span><\/h1><div class=\"vcex-spacing\" style=\"height:20px\"><\/div>[vc_column_text]TIGGES is recognised all over the world as the specialist for dyeing machine accessories<strong>.<\/strong><\/p>\n<p>Our family-owned business can look back on 50 years of experience in the manufacture of accessories for yarn dyeing apparatuses. In the course of this time, we have come up with many a patent and idea that have caused a stir on an international level and have enabled us all times to stay a hair`s breadth ahead of our competitors. To the advantage of our customers.<\/p>\n<p>Our high standard of quality is generally accepted. The TIGGES brand is synonymous with quality, durability and perfection, always in the line with the latest process engineering requirements of dyeing machinery manufactures.[\/vc_column_text][\/vc_column][\/vc_row][vc_row][vc_column width=&#8221;1\/6&#8243;][vc_single_image image=&#8221;365&#8243;][vc_column_text font_size=&#8221;12px&#8221;]Dye-works System[\/vc_column_text][\/vc_column][vc_column width=&#8221;1\/6&#8243;][vc_single_image image=&#8221;367&#8243;][vc_column_text font_size=&#8221;12px&#8221;]Perforated Dyeing Spindles[\/vc_column_text][\/vc_column][vc_column width=&#8221;1\/6&#8243;][vc_single_image image=&#8221;369&#8243;][vc_column_text font_size=&#8221;12px&#8221;]Section Spindles[\/vc_column_text][\/vc_column][vc_column width=&#8221;1\/6&#8243;][\/vc_column][vc_column width=&#8221;1\/6&#8243;][\/vc_column][\/vc_row][vc_row][vc_column width=&#8221;1\/6&#8243;][vc_single_image image=&#8221;371&#8243;][vc_column_text font_size=&#8221;12px&#8221;]Cap Systems[\/vc_column_text][\/vc_column][vc_column width=&#8221;1\/6&#8243;][vc_single_image image=&#8221;373&#8243;][vc_column_text font_size=&#8221;12px&#8221;]Intermediate Plates[\/vc_column_text][\/vc_column][vc_column width=&#8221;1\/6&#8243;][vc_single_image image=&#8221;375&#8243;][vc_column_text font_size=&#8221;12px&#8221;]Top &amp; Foot Plates[\/vc_column_text][\/vc_column][vc_column width=&#8221;1\/6&#8243;][\/vc_column][\/vc_row][vc_row][vc_column][vc_empty_space height=&#8221;20&#8243;][\/vc_column][\/vc_row][vc_row][vc_column][vc_column_text]\n<h3>Zubeh\u00f6r f\u00fcr Garnf\u00e4rbereimaschinen von Tigges-Edelstahltechnik<\/h3>\n<p>Unser Familienbetrieb blickt zur\u00fcck auf \u00fcber 50 Jahre Erfahrung in der Herstellung von Zubeh\u00f6rteilen aus Edelstahl f\u00fcr Garnf\u00e4rbeapparate. Im Laufe dieser Zeit entwickelten wir viele Patente und Ideen, die international Aufsehen erregten und uns der Konkurrenz immer eine Nasenl\u00e4nge voraus sein lie\u00dfen.<\/p>\n<p>Unser hoher Qualit\u00e4tsstandard ist weltweit anerkannt. Das TIGGES Markenzeichen ist das Synonym f\u00fcr Qualit\u00e4t, Langlebigkeit und Perfektion, stets im Einklang mit den neusten Verfahrenstechniken der Hersteller von F\u00e4rbereianlagen.<\/p>\n<p>Zuverl\u00e4ssigkeit und Perfektion, zusammen mit modernster Fertigungstechnik versetzen uns in die Lage ma\u00dfgeschneiderte und bedarfsgerechte L\u00f6sungen f\u00fcr Ihre Anspr\u00fcche und Anforderungen zu entwickeln.<\/p>\n<p>Garnf\u00e4rbereimaschinen sind in vielen Textilunternehmen unerl\u00e4sslich. Um das Maximum aus den Funktionen dieser Maschinen herauszuholen, brauchen Sie vor allem das richtige Zubeh\u00f6r. Bei uns bekommen Sie das Equipment f\u00fcr Ihre Garnf\u00e4rbereimaschine in verschiedenen Ausf\u00fchrungsvarianten. Wir bieten Ihnen alle Arten von F\u00e4rbespindeln, Verschlu\u00dfsystemen und Tellern aus Edelstahl an. Unsere immer wieder weiter entwickelten Zubeh\u00f6rteile sind das Ergebnis jahrzehntelanger Erfahrung.<\/p>\n<h3>Zuverl\u00e4ssigkeit und Qualit\u00e4t sind bei uns garantiert<\/h3>\n<p>Wenn Sie bei uns Garnf\u00e4rbereimaschinen-Zubeh\u00f6r bestellen, k\u00f6nnen Sie sich auf eine hohe Qualit\u00e4t verlassen. Diese spiegelt sich nicht nur in den verwendeten Grundmaterialien wie Edelstahl, sondern auch in den Eigenschaften wider. So fallen die Garnf\u00e4rbereimaschinenteile aus unserem Sortiment besonders robust aus. Dies ist f\u00fcr eine lange Lebens- und Einsatzdauer wichtig. Tigges genie\u00dft aufgrund der hohen Qualit\u00e4t und Zuverl\u00e4ssigkeit bei vielen F\u00e4rbereianlagen einen ausgezeichneten Ruf.<\/p>\n<p>Wir sind stets darum bem\u00fcht, Bestellungen so schnell wie m\u00f6glich abzuwickeln, sodass Sie rasch Ihre gew\u00fcnschte Garnf\u00e4rbemaschinenausr\u00fcstung in den H\u00e4nden halten. Wir beliefern Unternehmen weltweit. Wir bieten Ihnen Zubeh\u00f6r f\u00fcr Maschinen aller namhafter Hersteller an. Sind Sie sich unsicher, welches Zubeh\u00f6r Sie brauchen, sprechen Sie uns einfach an. Wir beraten Sie an dieser Stelle gern.<\/p>\n[\/vc_column_text][\/vc_column][\/vc_row]\n<\/div>","protected":false},"excerpt":{"rendered":"<p>[vc_row][vc_column][vc_column_text]TIGGES is recognised all over the world as the specialist for dyeing machine accessories. Our family-owned business can look back on 50 years of experience in the manufacture of accessories for yarn dyeing apparatuses. In the course of this time,&hellip;<\/p>\n","protected":false},"author":1,"featured_media":0,"parent":0,"menu_order":0,"comment_status":"closed","ping_status":"closed","template":"templates\/no-sidebar.php","meta":{"footnotes":""},"class_list":["post-408","page","type-page","status-publish","hentry","entry","no-media"],"yoast_head":"<!-- This site is optimized with the Yoast SEO plugin v27.0 - https:\/\/yoast.com\/product\/yoast-seo-wordpress\/ -->\n<title>Dyeing Machine Accessories - Tigges Stainless<\/title>\n<meta name=\"robots\" content=\"index, follow, max-snippet:-1, max-image-preview:large, max-video-preview:-1\" \/>\n<link rel=\"canonical\" href=\"https:\/\/www.tigges-stainless.com\/en\/\" \/>\n<meta property=\"og:locale\" content=\"en_US\" \/>\n<meta property=\"og:type\" content=\"article\" \/>\n<meta property=\"og:title\" content=\"Dyeing Machine Accessories - Tigges Stainless\" \/>\n<meta property=\"og:description\" content=\"[vc_row][vc_column][vc_column_text]TIGGES is recognised all over the world as the specialist for dyeing machine accessories. Our family-owned business can look back on 50 years of experience in the manufacture of accessories for yarn dyeing apparatuses. In the course of this time,&hellip;\" \/>\n<meta property=\"og:url\" content=\"https:\/\/www.tigges-stainless.com\/en\/\" \/>\n<meta property=\"og:site_name\" content=\"Tigges Stainless\" \/>\n<meta property=\"article:modified_time\" content=\"2020-01-10T09:57:06+00:00\" \/>\n<meta name=\"twitter:card\" content=\"summary_large_image\" \/>\n<meta name=\"twitter:label1\" content=\"Est. reading time\" \/>\n\t<meta name=\"twitter:data1\" content=\"3 minutes\" \/>\n<script type=\"application\/ld+json\" class=\"yoast-schema-graph\">{\"@context\":\"https:\/\/schema.org\",\"@graph\":[{\"@type\":\"WebPage\",\"@id\":\"https:\/\/www.tigges-stainless.com\/en\/\",\"url\":\"https:\/\/www.tigges-stainless.com\/en\/\",\"name\":\"Dyeing Machine Accessories - Tigges Stainless\",\"isPartOf\":{\"@id\":\"https:\/\/www.tigges-stainless.com\/de\/#website\"},\"datePublished\":\"2018-06-07T12:26:16+00:00\",\"dateModified\":\"2020-01-10T09:57:06+00:00\",\"breadcrumb\":{\"@id\":\"https:\/\/www.tigges-stainless.com\/en\/#breadcrumb\"},\"inLanguage\":\"en-US\",\"potentialAction\":[{\"@type\":\"ReadAction\",\"target\":[\"https:\/\/www.tigges-stainless.com\/en\/\"]}]},{\"@type\":\"BreadcrumbList\",\"@id\":\"https:\/\/www.tigges-stainless.com\/en\/#breadcrumb\",\"itemListElement\":[{\"@type\":\"ListItem\",\"position\":1,\"name\":\"Startseite\",\"item\":\"https:\/\/www.tigges-stainless.com\/en\/\"},{\"@type\":\"ListItem\",\"position\":2,\"name\":\"Dyeing Machine Accessories\"}]},{\"@type\":\"WebSite\",\"@id\":\"https:\/\/www.tigges-stainless.com\/de\/#website\",\"url\":\"https:\/\/www.tigges-stainless.com\/de\/\",\"name\":\"Tigges Stainless\",\"description\":\"Die Regelsysteme aus Edelstahl\",\"publisher\":{\"@id\":\"https:\/\/www.tigges-stainless.com\/de\/#organization\"},\"potentialAction\":[{\"@type\":\"SearchAction\",\"target\":{\"@type\":\"EntryPoint\",\"urlTemplate\":\"https:\/\/www.tigges-stainless.com\/de\/?s={search_term_string}\"},\"query-input\":{\"@type\":\"PropertyValueSpecification\",\"valueRequired\":true,\"valueName\":\"search_term_string\"}}],\"inLanguage\":\"en-US\"},{\"@type\":\"Organization\",\"@id\":\"https:\/\/www.tigges-stainless.com\/de\/#organization\",\"name\":\"Tigges Stainless\",\"url\":\"https:\/\/www.tigges-stainless.com\/de\/\",\"logo\":{\"@type\":\"ImageObject\",\"inLanguage\":\"en-US\",\"@id\":\"https:\/\/www.tigges-stainless.com\/de\/#\/schema\/logo\/image\/\",\"url\":\"https:\/\/www.tigges-stainless.com\/wp-content\/uploads\/2019\/07\/tigges-logo-2.png\",\"contentUrl\":\"https:\/\/www.tigges-stainless.com\/wp-content\/uploads\/2019\/07\/tigges-logo-2.png\",\"width\":333,\"height\":101,\"caption\":\"Tigges Stainless\"},\"image\":{\"@id\":\"https:\/\/www.tigges-stainless.com\/de\/#\/schema\/logo\/image\/\"}}]}<\/script>\n<!-- \/ Yoast SEO plugin. -->","yoast_head_json":{"title":"Dyeing Machine Accessories - Tigges Stainless","robots":{"index":"index","follow":"follow","max-snippet":"max-snippet:-1","max-image-preview":"max-image-preview:large","max-video-preview":"max-video-preview:-1"},"canonical":"https:\/\/www.tigges-stainless.com\/en\/","og_locale":"en_US","og_type":"article","og_title":"Dyeing Machine Accessories - Tigges Stainless","og_description":"[vc_row][vc_column][vc_column_text]TIGGES is recognised all over the world as the specialist for dyeing machine accessories. Our family-owned business can look back on 50 years of experience in the manufacture of accessories for yarn dyeing apparatuses. In the course of this time,&hellip;","og_url":"https:\/\/www.tigges-stainless.com\/en\/","og_site_name":"Tigges Stainless","article_modified_time":"2020-01-10T09:57:06+00:00","twitter_card":"summary_large_image","twitter_misc":{"Est. reading time":"3 minutes"},"schema":{"@context":"https:\/\/schema.org","@graph":[{"@type":"WebPage","@id":"https:\/\/www.tigges-stainless.com\/en\/","url":"https:\/\/www.tigges-stainless.com\/en\/","name":"Dyeing Machine Accessories - Tigges Stainless","isPartOf":{"@id":"https:\/\/www.tigges-stainless.com\/de\/#website"},"datePublished":"2018-06-07T12:26:16+00:00","dateModified":"2020-01-10T09:57:06+00:00","breadcrumb":{"@id":"https:\/\/www.tigges-stainless.com\/en\/#breadcrumb"},"inLanguage":"en-US","potentialAction":[{"@type":"ReadAction","target":["https:\/\/www.tigges-stainless.com\/en\/"]}]},{"@type":"BreadcrumbList","@id":"https:\/\/www.tigges-stainless.com\/en\/#breadcrumb","itemListElement":[{"@type":"ListItem","position":1,"name":"Startseite","item":"https:\/\/www.tigges-stainless.com\/en\/"},{"@type":"ListItem","position":2,"name":"Dyeing Machine Accessories"}]},{"@type":"WebSite","@id":"https:\/\/www.tigges-stainless.com\/de\/#website","url":"https:\/\/www.tigges-stainless.com\/de\/","name":"Tigges Stainless","description":"Die Regelsysteme aus Edelstahl","publisher":{"@id":"https:\/\/www.tigges-stainless.com\/de\/#organization"},"potentialAction":[{"@type":"SearchAction","target":{"@type":"EntryPoint","urlTemplate":"https:\/\/www.tigges-stainless.com\/de\/?s={search_term_string}"},"query-input":{"@type":"PropertyValueSpecification","valueRequired":true,"valueName":"search_term_string"}}],"inLanguage":"en-US"},{"@type":"Organization","@id":"https:\/\/www.tigges-stainless.com\/de\/#organization","name":"Tigges Stainless","url":"https:\/\/www.tigges-stainless.com\/de\/","logo":{"@type":"ImageObject","inLanguage":"en-US","@id":"https:\/\/www.tigges-stainless.com\/de\/#\/schema\/logo\/image\/","url":"https:\/\/www.tigges-stainless.com\/wp-content\/uploads\/2019\/07\/tigges-logo-2.png","contentUrl":"https:\/\/www.tigges-stainless.com\/wp-content\/uploads\/2019\/07\/tigges-logo-2.png","width":333,"height":101,"caption":"Tigges Stainless"},"image":{"@id":"https:\/\/www.tigges-stainless.com\/de\/#\/schema\/logo\/image\/"}}]}},"_links":{"self":[{"href":"https:\/\/www.tigges-stainless.com\/en\/wp-json\/wp\/v2\/pages\/408","targetHints":{"allow":["GET"]}}],"collection":[{"href":"https:\/\/www.tigges-stainless.com\/en\/wp-json\/wp\/v2\/pages"}],"about":[{"href":"https:\/\/www.tigges-stainless.com\/en\/wp-json\/wp\/v2\/types\/page"}],"author":[{"embeddable":true,"href":"https:\/\/www.tigges-stainless.com\/en\/wp-json\/wp\/v2\/users\/1"}],"replies":[{"embeddable":true,"href":"https:\/\/www.tigges-stainless.com\/en\/wp-json\/wp\/v2\/comments?post=408"}],"version-history":[{"count":11,"href":"https:\/\/www.tigges-stainless.com\/en\/wp-json\/wp\/v2\/pages\/408\/revisions"}],"predecessor-version":[{"id":679,"href":"https:\/\/www.tigges-stainless.com\/en\/wp-json\/wp\/v2\/pages\/408\/revisions\/679"}],"wp:attachment":[{"href":"https:\/\/www.tigges-stainless.com\/en\/wp-json\/wp\/v2\/media?parent=408"}],"curies":[{"name":"wp","href":"https:\/\/api.w.org\/{rel}","templated":true}]}}